{"id":476,"date":"2024-12-11T14:19:09","date_gmt":"2024-12-11T13:19:09","guid":{"rendered":"http:\/\/guitarraspisa.com\/history\/"},"modified":"2025-01-17T12:45:14","modified_gmt":"2025-01-17T11:45:14","slug":"historia","status":"publish","type":"page","link":"https:\/\/guitarraspisa.com\/en\/historia\/","title":{"rendered":"History"},"content":{"rendered":"<div data-elementor-type=\"wp-page\" data-elementor-id=\"476\" class=\"elementor elementor-476\">\n\t\t\t\t<div class=\"elementor-element elementor-element-5a0d604 e-flex e-con-boxed e-con e-parent\" data-id=\"5a0d604\" data-element_type=\"container\" data-settings=\"{&quot;background_background&quot;:&quot;classic&quot;}\">\n\t\t\t\t\t<div class=\"e-con-inner\">\n\t\t<div class=\"elementor-element elementor-element-1fc66d9 e-con-full e-flex e-con e-child\" data-id=\"1fc66d9\" data-element_type=\"container\">\n\t\t\t\t<div class=\"elementor-element elementor-element-fbb3c77 elementor-invisible elementor-widget elementor-widget-heading\" data-id=\"fbb3c77\" data-element_type=\"widget\" data-settings=\"{&quot;_animation&quot;:&quot;fadeIn&quot;}\" data-widget_type=\"heading.default\">\n\t\t\t\t<div class=\"elementor-widget-container\">\n\t\t\t\t\t<h1 class=\"elementor-heading-title elementor-size-default\">Guitars with soul,<br>created for demanding musicians\n<\/h1>\t\t\t\t<\/div>\n\t\t\t\t<\/div>\n\t\t\t\t<\/div>\n\t\t\t\t\t<\/div>\n\t\t\t\t<\/div>\n\t\t<div class=\"elementor-element elementor-element-6165d52 e-flex e-con-boxed elementor-invisible e-con e-parent\" data-id=\"6165d52\" data-element_type=\"container\" data-settings=\"{&quot;animation&quot;:&quot;fadeIn&quot;}\">\n\t\t\t\t\t<div class=\"e-con-inner\">\n\t\t<div class=\"elementor-element elementor-element-588b2d7 e-con-full e-flex e-con e-child\" data-id=\"588b2d7\" data-element_type=\"container\">\n\t\t\t\t<div class=\"elementor-element elementor-element-ddca9ba elementor-widget elementor-widget-heading\" data-id=\"ddca9ba\" data-element_type=\"widget\" data-widget_type=\"heading.default\">\n\t\t\t\t<div class=\"elementor-widget-container\">\n\t\t\t\t\t<h6 class=\"elementor-heading-title elementor-size-default\">Craftsmanship and passion in every guitar\n\n<\/h6>\t\t\t\t<\/div>\n\t\t\t\t<\/div>\n\t\t\t\t<div class=\"elementor-element elementor-element-c999cce elementor-widget elementor-widget-heading\" data-id=\"c999cce\" data-element_type=\"widget\" data-widget_type=\"heading.default\">\n\t\t\t\t<div class=\"elementor-widget-container\">\n\t\t\t\t\t<h2 class=\"elementor-heading-title elementor-size-default\">Select woods and meticulous processes for a sublime sound<\/h2>\t\t\t\t<\/div>\n\t\t\t\t<\/div>\n\t\t\t\t<div class=\"elementor-element elementor-element-96ce4f0 elementor-widget elementor-widget-image\" data-id=\"96ce4f0\" data-element_type=\"widget\" data-widget_type=\"image.default\">\n\t\t\t\t<div class=\"elementor-widget-container\">\n\t\t\t\t\t\t\t\t\t\t\t\t\t\t\t<img decoding=\"async\" src=\"https:\/\/guitarraspisa.com\/wp-content\/uploads\/2021\/04\/divider.svg\" class=\"attachment-full size-full wp-image-81\" alt=\"\" title=\"\">\t\t\t\t\t\t\t\t\t\t\t\t\t\t\t<\/div>\n\t\t\t\t<\/div>\n\t\t<div class=\"elementor-element elementor-element-63ba767 e-flex e-con-boxed e-con e-child\" data-id=\"63ba767\" data-element_type=\"container\">\n\t\t\t\t\t<div class=\"e-con-inner\">\n\t\t<div class=\"elementor-element elementor-element-9ce2f2d e-con-full e-flex e-con e-child\" data-id=\"9ce2f2d\" data-element_type=\"container\">\n\t\t\t\t<div class=\"elementor-element elementor-element-fee2060 elementor-widget elementor-widget-text-editor\" data-id=\"fee2060\" data-element_type=\"widget\" data-widget_type=\"text-editor.default\">\n\t\t\t\t<div class=\"elementor-widget-container\">\n\t\t\t\t\t\t\t\t\t<p>At the heart of artisan tradition, Antonio Pisa has been devoting himself to the construction of unique stringed instruments, especially flamenco and classical guitars, for over 15 years. Each piece he creates is imbued with warmth, nostalgia and the love for a craft that requires patience and dedication.<\/p><p>Antonio Pisa&#039;s workshop is a place where tradition meets innovation. Here, each guitar is built entirely by hand, using selected woods of the highest quality, such as cypress, German spruce, Madagascar rosewood, cedar and ebony, all naturally seasoned for over 10 years. These carefully treated woods ensure the exceptional resonance and durability that characterise his instruments.<\/p>\t\t\t\t\t\t\t\t<\/div>\n\t\t\t\t<\/div>\n\t\t\t\t<\/div>\n\t\t\t\t\t<\/div>\n\t\t\t\t<\/div>\n\t\t<div class=\"elementor-element elementor-element-1249f2e e-con-full e-flex e-con e-child\" data-id=\"1249f2e\" data-element_type=\"container\">\n\t\t<div class=\"elementor-element elementor-element-db859a6 e-con-full e-flex e-con e-child\" data-id=\"db859a6\" data-element_type=\"container\">\n\t\t\t\t<div class=\"elementor-element elementor-element-6ce3874 elementor-widget elementor-widget-image\" data-id=\"6ce3874\" data-element_type=\"widget\" data-widget_type=\"image.default\">\n\t\t\t\t<div class=\"elementor-widget-container\">\n\t\t\t\t\t\t\t\t\t\t\t\t\t\t\t<img fetchpriority=\"high\" decoding=\"async\" width=\"907\" height=\"515\" src=\"https:\/\/guitarraspisa.com\/wp-content\/uploads\/2024\/12\/Guitarras-con-alma.jpg\" class=\"attachment-full size-full wp-image-1693\" alt=\"\" srcset=\"https:\/\/guitarraspisa.com\/wp-content\/uploads\/2024\/12\/Guitarras-con-alma.jpg 907w, https:\/\/guitarraspisa.com\/wp-content\/uploads\/2024\/12\/Guitarras-con-alma-300x170.jpg 300w, https:\/\/guitarraspisa.com\/wp-content\/uploads\/2024\/12\/Guitarras-con-alma-768x436.jpg 768w, https:\/\/guitarraspisa.com\/wp-content\/uploads\/2024\/12\/Guitarras-con-alma-18x10.jpg 18w\" sizes=\"(max-width: 907px) 100vw, 907px\" title=\"\">\t\t\t\t\t\t\t\t\t\t\t\t\t\t\t<\/div>\n\t\t\t\t<\/div>\n\t\t\t\t<div class=\"elementor-element elementor-element-e29086a elementor-widget elementor-widget-image\" data-id=\"e29086a\" data-element_type=\"widget\" data-widget_type=\"image.default\">\n\t\t\t\t<div class=\"elementor-widget-container\">\n\t\t\t\t\t\t\t\t\t\t\t\t\t\t\t<img decoding=\"async\" width=\"907\" height=\"515\" src=\"https:\/\/guitarraspisa.com\/wp-content\/uploads\/2024\/12\/Guitarras-con-alma-2.jpg\" class=\"attachment-full size-full wp-image-1694\" alt=\"\" srcset=\"https:\/\/guitarraspisa.com\/wp-content\/uploads\/2024\/12\/Guitarras-con-alma-2.jpg 907w, https:\/\/guitarraspisa.com\/wp-content\/uploads\/2024\/12\/Guitarras-con-alma-2-300x170.jpg 300w, https:\/\/guitarraspisa.com\/wp-content\/uploads\/2024\/12\/Guitarras-con-alma-2-768x436.jpg 768w, https:\/\/guitarraspisa.com\/wp-content\/uploads\/2024\/12\/Guitarras-con-alma-2-18x10.jpg 18w\" sizes=\"(max-width: 907px) 100vw, 907px\" title=\"\">\t\t\t\t\t\t\t\t\t\t\t\t\t\t\t<\/div>\n\t\t\t\t<\/div>\n\t\t\t\t<\/div>\n\t\t<div class=\"elementor-element elementor-element-1bee252 e-con-full e-flex e-con e-child\" data-id=\"1bee252\" data-element_type=\"container\">\n\t\t\t\t<div class=\"elementor-element elementor-element-e93bb62 elementor-widget elementor-widget-image\" data-id=\"e93bb62\" data-element_type=\"widget\" data-widget_type=\"image.default\">\n\t\t\t\t<div class=\"elementor-widget-container\">\n\t\t\t\t\t\t\t\t\t\t\t\t\t\t\t<img decoding=\"async\" width=\"480\" height=\"720\" src=\"https:\/\/guitarraspisa.com\/wp-content\/uploads\/2024\/12\/Antonio-Pisa-Luthier_.jpg\" class=\"attachment-full size-full wp-image-1698\" alt=\"\" srcset=\"https:\/\/guitarraspisa.com\/wp-content\/uploads\/2024\/12\/Antonio-Pisa-Luthier_.jpg 480w, https:\/\/guitarraspisa.com\/wp-content\/uploads\/2024\/12\/Antonio-Pisa-Luthier_-200x300.jpg 200w, https:\/\/guitarraspisa.com\/wp-content\/uploads\/2024\/12\/Antonio-Pisa-Luthier_-8x12.jpg 8w\" sizes=\"(max-width: 480px) 100vw, 480px\" title=\"\">\t\t\t\t\t\t\t\t\t\t\t\t\t\t\t<\/div>\n\t\t\t\t<\/div>\n\t\t\t\t<\/div>\n\t\t<div class=\"elementor-element elementor-element-b501408 e-con-full e-flex e-con e-child\" data-id=\"b501408\" data-element_type=\"container\">\n\t\t\t\t<div class=\"elementor-element elementor-element-1c01148 elementor-widget elementor-widget-image\" data-id=\"1c01148\" data-element_type=\"widget\" data-widget_type=\"image.default\">\n\t\t\t\t<div class=\"elementor-widget-container\">\n\t\t\t\t\t\t\t\t\t\t\t\t\t\t\t<img loading=\"lazy\" decoding=\"async\" width=\"480\" height=\"720\" src=\"https:\/\/guitarraspisa.com\/wp-content\/uploads\/2024\/12\/Antonio-Pisa-Luthier_2.jpg\" class=\"attachment-full size-full wp-image-1699\" alt=\"\" srcset=\"https:\/\/guitarraspisa.com\/wp-content\/uploads\/2024\/12\/Antonio-Pisa-Luthier_2.jpg 480w, https:\/\/guitarraspisa.com\/wp-content\/uploads\/2024\/12\/Antonio-Pisa-Luthier_2-200x300.jpg 200w, https:\/\/guitarraspisa.com\/wp-content\/uploads\/2024\/12\/Antonio-Pisa-Luthier_2-8x12.jpg 8w\" sizes=\"(max-width: 480px) 100vw, 480px\" title=\"\">\t\t\t\t\t\t\t\t\t\t\t\t\t\t\t<\/div>\n\t\t\t\t<\/div>\n\t\t\t\t<\/div>\n\t\t\t\t<\/div>\n\t\t<div class=\"elementor-element elementor-element-db5ce6e e-flex e-con-boxed e-con e-child\" data-id=\"db5ce6e\" data-element_type=\"container\">\n\t\t\t\t\t<div class=\"e-con-inner\">\n\t\t<div class=\"elementor-element elementor-element-f4c3186 e-con-full e-flex e-con e-child\" data-id=\"f4c3186\" data-element_type=\"container\">\n\t\t\t\t<div class=\"elementor-element elementor-element-c29db9d elementor-widget elementor-widget-text-editor\" data-id=\"c29db9d\" data-element_type=\"widget\" data-widget_type=\"text-editor.default\">\n\t\t\t\t<div class=\"elementor-widget-container\">\n\t\t\t\t\t\t\t\t\t<p>Every detail counts in Antonio Pisa guitars. From the top and the fretboard to the marquetry and rosette, everything is handcrafted, taking meticulous care of each process. The result is an instrument that not only stands out for its sound, but also for its impeccable finish.<\/p>\t\t\t\t\t\t\t\t<\/div>\n\t\t\t\t<\/div>\n\t\t\t\t<\/div>\n\t\t\t\t\t<\/div>\n\t\t\t\t<\/div>\n\t\t<div class=\"elementor-element elementor-element-3abafc1 e-flex e-con-boxed e-con e-child\" data-id=\"3abafc1\" data-element_type=\"container\">\n\t\t\t\t\t<div class=\"e-con-inner\">\n\t\t<div class=\"elementor-element elementor-element-012c87f e-con-full e-flex e-con e-child\" data-id=\"012c87f\" data-element_type=\"container\">\n\t\t\t\t<div class=\"elementor-element elementor-element-0bedc66 elementor-widget elementor-widget-image\" data-id=\"0bedc66\" data-element_type=\"widget\" data-widget_type=\"image.default\">\n\t\t\t\t<div class=\"elementor-widget-container\">\n\t\t\t\t\t\t\t\t\t\t\t\t\t\t\t<img loading=\"lazy\" decoding=\"async\" width=\"907\" height=\"515\" src=\"https:\/\/guitarraspisa.com\/wp-content\/uploads\/2024\/12\/Antonio.jpg\" class=\"attachment-full size-full wp-image-1704\" alt=\"\" srcset=\"https:\/\/guitarraspisa.com\/wp-content\/uploads\/2024\/12\/Antonio.jpg 907w, https:\/\/guitarraspisa.com\/wp-content\/uploads\/2024\/12\/Antonio-300x170.jpg 300w, https:\/\/guitarraspisa.com\/wp-content\/uploads\/2024\/12\/Antonio-768x436.jpg 768w, https:\/\/guitarraspisa.com\/wp-content\/uploads\/2024\/12\/Antonio-18x10.jpg 18w\" sizes=\"(max-width: 907px) 100vw, 907px\" title=\"\">\t\t\t\t\t\t\t\t\t\t\t\t\t\t\t<\/div>\n\t\t\t\t<\/div>\n\t\t\t\t<\/div>\n\t\t<div class=\"elementor-element elementor-element-35e8de7 e-con-full e-flex e-con e-child\" data-id=\"35e8de7\" data-element_type=\"container\">\n\t\t\t\t<div class=\"elementor-element elementor-element-1daae24 elementor-widget elementor-widget-text-editor\" data-id=\"1daae24\" data-element_type=\"widget\" data-widget_type=\"text-editor.default\">\n\t\t\t\t<div class=\"elementor-widget-container\">\n\t\t\t\t\t\t\t\t\t<p>Antonio Pisa&#039;s flagship product is the traditional flamenco guitar, with a bright and sober sound that evokes the roots of flamenco. However, each guitar can be customized, adapting to the needs and style of each musician.<\/p><p>When a guitar finishes its creation process, Antonio Pisa feels that he gives something more than wood and strings: he gives a part of his soul.\u00a0<\/p>\t\t\t\t\t\t\t\t<\/div>\n\t\t\t\t<\/div>\n\t\t\t\t<div class=\"elementor-element elementor-element-01b3cc5 elementor-widget elementor-widget-icon-box\" data-id=\"01b3cc5\" data-element_type=\"widget\" data-widget_type=\"icon-box.default\">\n\t\t\t\t<div class=\"elementor-widget-container\">\n\t\t\t\t\t\t\t<div class=\"elementor-icon-box-wrapper\">\n\n\t\t\t\n\t\t\t\t\t\t<div class=\"elementor-icon-box-content\">\n\n\t\t\t\t\t\t\t\t\t<div class=\"elementor-icon-box-title\">\n\t\t\t\t\t\t<span  >\n\t\t\t\t\t\t\tBecause his guitars are not just instruments, they are stories that resonate with every note.\t\t\t\t\t\t<\/span>\n\t\t\t\t\t<\/div>\n\t\t\t\t\n\t\t\t\t\n\t\t\t<\/div>\n\t\t\t\n\t\t<\/div>\n\t\t\t\t\t\t<\/div>\n\t\t\t\t<\/div>\n\t\t\t\t<\/div>\n\t\t\t\t\t<\/div>\n\t\t\t\t<\/div>\n\t\t\t\t<\/div>\n\t\t\t\t\t<\/div>\n\t\t\t\t<\/div>\n\t\t\t\t<\/div>","protected":false},"excerpt":{"rendered":"<p>Guitarras con alma,creadas para m\u00fasicos exigentes Artesan\u00eda y pasi\u00f3n en cada guitarra Maderas selectas y procesos minuciosos para un sonido [&hellip;]<\/p>","protected":false},"author":1,"featured_media":0,"parent":0,"menu_order":0,"comment_status":"closed","ping_status":"closed","template":"","meta":{"site-sidebar-layout":"no-sidebar","site-content-layout":"page-builder","ast-site-content-layout":"default","site-content-style":"default","site-sidebar-style":"default","ast-global-header-display":"","ast-banner-title-visibility":"","ast-main-header-display":"","ast-hfb-above-header-display":"","ast-hfb-below-header-display":"","ast-hfb-mobile-header-display":"","site-post-title":"disabled","ast-breadcrumbs-content":"disabled","ast-featured-img":"disabled","footer-sml-layout":"","theme-transparent-header-meta":"enabled","adv-header-id-meta":"","stick-header-meta":"","header-above-stick-meta":"","header-main-stick-meta":"","header-below-stick-meta":"","astra-migrate-meta-layouts":"default","ast-page-background-enabled":"default","ast-page-background-meta":{"desktop":{"background-color":"","background-image":"","background-repeat":"repeat","background-position":"center center","background-size":"auto","background-attachment":"scroll","background-type":"","background-media":"","overlay-type":"","overlay-color":"","overlay-opacity":"","overlay-gradient":""},"tablet":{"background-color":"","background-image":"","background-repeat":"repeat","background-position":"center center","background-size":"auto","background-attachment":"scroll","background-type":"","background-media":"","overlay-type":"","overlay-color":"","overlay-opacity":"","overlay-gradient":""},"mobile":{"background-color":"","background-image":"","background-repeat":"repeat","background-position":"center center","background-size":"auto","background-attachment":"scroll","background-type":"","background-media":"","overlay-type":"","overlay-color":"","overlay-opacity":"","overlay-gradient":""}},"ast-content-background-meta":{"desktop":{"background-color":"var(--ast-global-color-5)","background-image":"","background-repeat":"repeat","background-position":"center center","background-size":"auto","background-attachment":"scroll","background-type":"","background-media":"","overlay-type":"","overlay-color":"","overlay-opacity":"","overlay-gradient":""},"tablet":{"background-color":"var(--ast-global-color-5)","background-image":"","background-repeat":"repeat","background-position":"center center","background-size":"auto","background-attachment":"scroll","background-type":"","background-media":"","overlay-type":"","overlay-color":"","overlay-opacity":"","overlay-gradient":""},"mobile":{"background-color":"var(--ast-global-color-5)","background-image":"","background-repeat":"repeat","background-position":"center center","background-size":"auto","background-attachment":"scroll","background-type":"","background-media":"","overlay-type":"","overlay-color":"","overlay-opacity":"","overlay-gradient":""}},"footnotes":""},"class_list":["post-476","page","type-page","status-publish","hentry"],"_links":{"self":[{"href":"https:\/\/guitarraspisa.com\/en\/wp-json\/wp\/v2\/pages\/476","targetHints":{"allow":["GET"]}}],"collection":[{"href":"https:\/\/guitarraspisa.com\/en\/wp-json\/wp\/v2\/pages"}],"about":[{"href":"https:\/\/guitarraspisa.com\/en\/wp-json\/wp\/v2\/types\/page"}],"author":[{"embeddable":true,"href":"https:\/\/guitarraspisa.com\/en\/wp-json\/wp\/v2\/users\/1"}],"replies":[{"embeddable":true,"href":"https:\/\/guitarraspisa.com\/en\/wp-json\/wp\/v2\/comments?post=476"}],"version-history":[{"count":25,"href":"https:\/\/guitarraspisa.com\/en\/wp-json\/wp\/v2\/pages\/476\/revisions"}],"predecessor-version":[{"id":1791,"href":"https:\/\/guitarraspisa.com\/en\/wp-json\/wp\/v2\/pages\/476\/revisions\/1791"}],"wp:attachment":[{"href":"https:\/\/guitarraspisa.com\/en\/wp-json\/wp\/v2\/media?parent=476"}],"curies":[{"name":"wp","href":"https:\/\/api.w.org\/{rel}","templated":true}]}}