{"id":476,"date":"2024-12-11T14:19:09","date_gmt":"2024-12-11T13:19:09","guid":{"rendered":"http:\/\/guitarraspisa.com\/history\/"},"modified":"2025-01-17T12:45:14","modified_gmt":"2025-01-17T11:45:14","slug":"historia","status":"publish","type":"page","link":"https:\/\/guitarraspisa.com\/ja\/historia\/","title":{"rendered":"\u6b74\u53f2"},"content":{"rendered":"<div data-elementor-type=\"wp-page\" data-elementor-id=\"476\" class=\"elementor elementor-476\">\n\t\t\t\t<div class=\"elementor-element elementor-element-5a0d604 e-flex e-con-boxed e-con e-parent\" data-id=\"5a0d604\" data-element_type=\"container\" data-settings=\"{&quot;background_background&quot;:&quot;classic&quot;}\">\n\t\t\t\t\t<div class=\"e-con-inner\">\n\t\t<div class=\"elementor-element elementor-element-1fc66d9 e-con-full e-flex e-con e-child\" data-id=\"1fc66d9\" data-element_type=\"container\">\n\t\t\t\t<div class=\"elementor-element elementor-element-fbb3c77 elementor-invisible elementor-widget elementor-widget-heading\" data-id=\"fbb3c77\" data-element_type=\"widget\" data-settings=\"{&quot;_animation&quot;:&quot;fadeIn&quot;}\" data-widget_type=\"heading.default\">\n\t\t\t\t<div class=\"elementor-widget-container\">\n\t\t\t\t\t<h1 class=\"elementor-heading-title elementor-size-default\">\u9b42\u306e\u3053\u3082\u3063\u305f\u30ae\u30bf\u30fc\u3001<br>\u8981\u6c42\u306e\u53b3\u3057\u3044\u30df\u30e5\u30fc\u30b8\u30b7\u30e3\u30f3\u306e\u305f\u3081\u306b\u4f5c\u3089\u308c\u307e\u3057\u305f\n<\/h1>\t\t\t\t<\/div>\n\t\t\t\t<\/div>\n\t\t\t\t<\/div>\n\t\t\t\t\t<\/div>\n\t\t\t\t<\/div>\n\t\t<div class=\"elementor-element elementor-element-6165d52 e-flex e-con-boxed elementor-invisible e-con e-parent\" data-id=\"6165d52\" data-element_type=\"container\" data-settings=\"{&quot;animation&quot;:&quot;fadeIn&quot;}\">\n\t\t\t\t\t<div class=\"e-con-inner\">\n\t\t<div class=\"elementor-element elementor-element-588b2d7 e-con-full e-flex e-con e-child\" data-id=\"588b2d7\" data-element_type=\"container\">\n\t\t\t\t<div class=\"elementor-element elementor-element-ddca9ba elementor-widget elementor-widget-heading\" data-id=\"ddca9ba\" data-element_type=\"widget\" data-widget_type=\"heading.default\">\n\t\t\t\t<div class=\"elementor-widget-container\">\n\t\t\t\t\t<h6 class=\"elementor-heading-title elementor-size-default\">\u305d\u308c\u305e\u308c\u306e\u30ae\u30bf\u30fc\u306b\u8fbc\u3081\u3089\u308c\u305f\u8077\u4eba\u6280\u3068\u60c5\u71b1\n\n<\/h6>\t\t\t\t<\/div>\n\t\t\t\t<\/div>\n\t\t\t\t<div class=\"elementor-element elementor-element-c999cce elementor-widget elementor-widget-heading\" data-id=\"c999cce\" data-element_type=\"widget\" data-widget_type=\"heading.default\">\n\t\t\t\t<div class=\"elementor-widget-container\">\n\t\t\t\t\t<h2 class=\"elementor-heading-title elementor-size-default\">\u53b3\u9078\u3055\u308c\u305f\u6728\u6750\u3068\u7dbf\u5bc6\u306a\u30d7\u30ed\u30bb\u30b9\u3067\u5d07\u9ad8\u306a\u30b5\u30a6\u30f3\u30c9\u3092\u5b9f\u73fe<\/h2>\t\t\t\t<\/div>\n\t\t\t\t<\/div>\n\t\t\t\t<div class=\"elementor-element elementor-element-96ce4f0 elementor-widget elementor-widget-image\" data-id=\"96ce4f0\" data-element_type=\"widget\" data-widget_type=\"image.default\">\n\t\t\t\t<div class=\"elementor-widget-container\">\n\t\t\t\t\t\t\t\t\t\t\t\t\t\t\t<img decoding=\"async\" src=\"https:\/\/guitarraspisa.com\/wp-content\/uploads\/2021\/04\/divider.svg\" class=\"attachment-full size-full wp-image-81\" alt=\"\" title=\"\">\t\t\t\t\t\t\t\t\t\t\t\t\t\t\t<\/div>\n\t\t\t\t<\/div>\n\t\t<div class=\"elementor-element elementor-element-63ba767 e-flex e-con-boxed e-con e-child\" data-id=\"63ba767\" data-element_type=\"container\">\n\t\t\t\t\t<div class=\"e-con-inner\">\n\t\t<div class=\"elementor-element elementor-element-9ce2f2d e-con-full e-flex e-con e-child\" data-id=\"9ce2f2d\" data-element_type=\"container\">\n\t\t\t\t<div class=\"elementor-element elementor-element-fee2060 elementor-widget elementor-widget-text-editor\" data-id=\"fee2060\" data-element_type=\"widget\" data-widget_type=\"text-editor.default\">\n\t\t\t\t<div class=\"elementor-widget-container\">\n\t\t\t\t\t\t\t\t\t<p>\u8077\u4eba\u306e\u4f1d\u7d71\u306e\u4e2d\u5fc3\u3067\u3001\u30a2\u30f3\u30c8\u30cb\u30aa \u30d4\u30b5\u306f 15 \u5e74\u4ee5\u4e0a\u306b\u308f\u305f\u308a\u3001\u30e6\u30cb\u30fc\u30af\u306a\u5f26\u697d\u5668\u3001\u7279\u306b\u30d5\u30e9\u30e1\u30f3\u30b3 \u30ae\u30bf\u30fc\u3084\u30af\u30e9\u30b7\u30c3\u30af \u30ae\u30bf\u30fc\u306e\u88fd\u4f5c\u306b\u8eab\u3082\u5fc3\u3082\u6367\u3052\u3066\u304d\u307e\u3057\u305f\u3002\u5f7c\u304c\u4f5c\u308a\u51fa\u3059\u305d\u308c\u305e\u308c\u306e\u4f5c\u54c1\u306b\u306f\u3001\u6e29\u304b\u3055\u3001\u61d0\u304b\u3057\u3055\u3001\u305d\u3057\u3066\u5fcd\u8010\u3068\u732e\u8eab\u3092\u5fc5\u8981\u3068\u3059\u308b\u5de5\u82b8\u54c1\u3078\u306e\u611b\u304c\u8fbc\u3081\u3089\u308c\u3066\u3044\u307e\u3059\u3002<\/p><p>\u30a2\u30f3\u30c8\u30cb\u30aa \u30d4\u30b5\u306e\u5de5\u623f\u306f\u3001\u4f1d\u7d71\u3068\u9769\u65b0\u304c\u51fa\u4f1a\u3046\u5834\u6240\u3067\u3059\u3002\u3053\u3053\u3067\u306f\u3001\u30d2\u30ce\u30ad\u3001\u30b8\u30e3\u30fc\u30de\u30f3\u30b9\u30d7\u30eb\u30fc\u30b9\u3001\u30de\u30c0\u30ac\u30b9\u30ab\u30eb\u30ed\u30fc\u30ba\u30a6\u30c3\u30c9\u3001\u30b7\u30c0\u30fc\u3001\u30a8\u30dc\u30cb\u30fc\u306a\u3069\u306e\u6700\u9ad8\u54c1\u8cea\u306e\u53b3\u9078\u3055\u308c\u305f\u6728\u6750\u3092\u4f7f\u7528\u3057\u3001\u3059\u3079\u306610\u5e74\u4ee5\u4e0a\u81ea\u7136\u4e7e\u71e5\u3055\u305b\u3066\u3001\u5404\u30ae\u30bf\u30fc\u304c\u5b8c\u5168\u306b\u624b\u4f5c\u308a\u3055\u308c\u3066\u3044\u307e\u3059\u3002\u3053\u308c\u3089\u306e\u6728\u6750\u306f\u614e\u91cd\u306b\u51e6\u7406\u3055\u308c\u3001\u697d\u5668\u306e\u7279\u5fb4\u3067\u3042\u308b\u512a\u308c\u305f\u97ff\u304d\u3068\u8010\u4e45\u6027\u3092\u4fdd\u8a3c\u3057\u307e\u3059\u3002<\/p>\t\t\t\t\t\t\t\t<\/div>\n\t\t\t\t<\/div>\n\t\t\t\t<\/div>\n\t\t\t\t\t<\/div>\n\t\t\t\t<\/div>\n\t\t<div class=\"elementor-element elementor-element-1249f2e e-con-full e-flex e-con e-child\" data-id=\"1249f2e\" data-element_type=\"container\">\n\t\t<div class=\"elementor-element elementor-element-db859a6 e-con-full e-flex e-con e-child\" data-id=\"db859a6\" data-element_type=\"container\">\n\t\t\t\t<div class=\"elementor-element elementor-element-6ce3874 elementor-widget elementor-widget-image\" data-id=\"6ce3874\" data-element_type=\"widget\" data-widget_type=\"image.default\">\n\t\t\t\t<div class=\"elementor-widget-container\">\n\t\t\t\t\t\t\t\t\t\t\t\t\t\t\t<img fetchpriority=\"high\" decoding=\"async\" width=\"907\" height=\"515\" src=\"https:\/\/guitarraspisa.com\/wp-content\/uploads\/2024\/12\/Guitarras-con-alma.jpg\" class=\"attachment-full size-full wp-image-1693\" alt=\"\" srcset=\"https:\/\/guitarraspisa.com\/wp-content\/uploads\/2024\/12\/Guitarras-con-alma.jpg 907w, https:\/\/guitarraspisa.com\/wp-content\/uploads\/2024\/12\/Guitarras-con-alma-300x170.jpg 300w, https:\/\/guitarraspisa.com\/wp-content\/uploads\/2024\/12\/Guitarras-con-alma-768x436.jpg 768w, https:\/\/guitarraspisa.com\/wp-content\/uploads\/2024\/12\/Guitarras-con-alma-18x10.jpg 18w\" sizes=\"(max-width: 907px) 100vw, 907px\" title=\"\">\t\t\t\t\t\t\t\t\t\t\t\t\t\t\t<\/div>\n\t\t\t\t<\/div>\n\t\t\t\t<div class=\"elementor-element elementor-element-e29086a elementor-widget elementor-widget-image\" data-id=\"e29086a\" data-element_type=\"widget\" data-widget_type=\"image.default\">\n\t\t\t\t<div class=\"elementor-widget-container\">\n\t\t\t\t\t\t\t\t\t\t\t\t\t\t\t<img decoding=\"async\" width=\"907\" height=\"515\" src=\"https:\/\/guitarraspisa.com\/wp-content\/uploads\/2024\/12\/Guitarras-con-alma-2.jpg\" class=\"attachment-full size-full wp-image-1694\" alt=\"\" srcset=\"https:\/\/guitarraspisa.com\/wp-content\/uploads\/2024\/12\/Guitarras-con-alma-2.jpg 907w, https:\/\/guitarraspisa.com\/wp-content\/uploads\/2024\/12\/Guitarras-con-alma-2-300x170.jpg 300w, https:\/\/guitarraspisa.com\/wp-content\/uploads\/2024\/12\/Guitarras-con-alma-2-768x436.jpg 768w, https:\/\/guitarraspisa.com\/wp-content\/uploads\/2024\/12\/Guitarras-con-alma-2-18x10.jpg 18w\" sizes=\"(max-width: 907px) 100vw, 907px\" title=\"\">\t\t\t\t\t\t\t\t\t\t\t\t\t\t\t<\/div>\n\t\t\t\t<\/div>\n\t\t\t\t<\/div>\n\t\t<div class=\"elementor-element elementor-element-1bee252 e-con-full e-flex e-con e-child\" data-id=\"1bee252\" data-element_type=\"container\">\n\t\t\t\t<div class=\"elementor-element elementor-element-e93bb62 elementor-widget elementor-widget-image\" data-id=\"e93bb62\" data-element_type=\"widget\" data-widget_type=\"image.default\">\n\t\t\t\t<div class=\"elementor-widget-container\">\n\t\t\t\t\t\t\t\t\t\t\t\t\t\t\t<img decoding=\"async\" width=\"480\" height=\"720\" src=\"https:\/\/guitarraspisa.com\/wp-content\/uploads\/2024\/12\/Antonio-Pisa-Luthier_.jpg\" class=\"attachment-full size-full wp-image-1698\" alt=\"\" srcset=\"https:\/\/guitarraspisa.com\/wp-content\/uploads\/2024\/12\/Antonio-Pisa-Luthier_.jpg 480w, https:\/\/guitarraspisa.com\/wp-content\/uploads\/2024\/12\/Antonio-Pisa-Luthier_-200x300.jpg 200w, https:\/\/guitarraspisa.com\/wp-content\/uploads\/2024\/12\/Antonio-Pisa-Luthier_-8x12.jpg 8w\" sizes=\"(max-width: 480px) 100vw, 480px\" title=\"\">\t\t\t\t\t\t\t\t\t\t\t\t\t\t\t<\/div>\n\t\t\t\t<\/div>\n\t\t\t\t<\/div>\n\t\t<div class=\"elementor-element elementor-element-b501408 e-con-full e-flex e-con e-child\" data-id=\"b501408\" data-element_type=\"container\">\n\t\t\t\t<div class=\"elementor-element elementor-element-1c01148 elementor-widget elementor-widget-image\" data-id=\"1c01148\" data-element_type=\"widget\" data-widget_type=\"image.default\">\n\t\t\t\t<div class=\"elementor-widget-container\">\n\t\t\t\t\t\t\t\t\t\t\t\t\t\t\t<img loading=\"lazy\" decoding=\"async\" width=\"480\" height=\"720\" src=\"https:\/\/guitarraspisa.com\/wp-content\/uploads\/2024\/12\/Antonio-Pisa-Luthier_2.jpg\" class=\"attachment-full size-full wp-image-1699\" alt=\"\" srcset=\"https:\/\/guitarraspisa.com\/wp-content\/uploads\/2024\/12\/Antonio-Pisa-Luthier_2.jpg 480w, https:\/\/guitarraspisa.com\/wp-content\/uploads\/2024\/12\/Antonio-Pisa-Luthier_2-200x300.jpg 200w, https:\/\/guitarraspisa.com\/wp-content\/uploads\/2024\/12\/Antonio-Pisa-Luthier_2-8x12.jpg 8w\" sizes=\"(max-width: 480px) 100vw, 480px\" title=\"\">\t\t\t\t\t\t\t\t\t\t\t\t\t\t\t<\/div>\n\t\t\t\t<\/div>\n\t\t\t\t<\/div>\n\t\t\t\t<\/div>\n\t\t<div class=\"elementor-element elementor-element-db5ce6e e-flex e-con-boxed e-con e-child\" data-id=\"db5ce6e\" data-element_type=\"container\">\n\t\t\t\t\t<div class=\"e-con-inner\">\n\t\t<div class=\"elementor-element elementor-element-f4c3186 e-con-full e-flex e-con e-child\" data-id=\"f4c3186\" data-element_type=\"container\">\n\t\t\t\t<div class=\"elementor-element elementor-element-c29db9d elementor-widget elementor-widget-text-editor\" data-id=\"c29db9d\" data-element_type=\"widget\" data-widget_type=\"text-editor.default\">\n\t\t\t\t<div class=\"elementor-widget-container\">\n\t\t\t\t\t\t\t\t\t<p>\u30a2\u30f3\u30c8\u30cb\u30aa \u30d4\u30b5\u306e\u30ae\u30bf\u30fc\u3067\u306f\u3001\u3042\u3089\u3086\u308b\u7d30\u90e8\u304c\u91cd\u8981\u3067\u3059\u3002\u84cb\u3084\u68d2\u3001\u5bc4\u6728\u7d30\u5de5\u3084\u30ed\u30bc\u30c3\u30c8\u306b\u81f3\u308b\u307e\u3067\u3001\u3072\u3068\u3064\u3072\u3068\u3064\u306e\u5de5\u7a0b\u3092\u4e01\u5be7\u306b\u624b\u4f5c\u308a\u3057\u3066\u3044\u307e\u3059\u3002\u305d\u306e\u7d50\u679c\u3001\u30b5\u30a6\u30f3\u30c9\u3060\u3051\u3067\u306a\u304f\u3001\u305d\u306e\u5b8c\u74a7\u306a\u4ed5\u4e0a\u3052\u306b\u304a\u3044\u3066\u3082\u5091\u51fa\u3057\u305f\u697d\u5668\u304c\u8a95\u751f\u3057\u307e\u3057\u305f\u3002<\/p>\t\t\t\t\t\t\t\t<\/div>\n\t\t\t\t<\/div>\n\t\t\t\t<\/div>\n\t\t\t\t\t<\/div>\n\t\t\t\t<\/div>\n\t\t<div class=\"elementor-element elementor-element-3abafc1 e-flex e-con-boxed e-con e-child\" data-id=\"3abafc1\" data-element_type=\"container\">\n\t\t\t\t\t<div class=\"e-con-inner\">\n\t\t<div class=\"elementor-element elementor-element-012c87f e-con-full e-flex e-con e-child\" data-id=\"012c87f\" data-element_type=\"container\">\n\t\t\t\t<div class=\"elementor-element elementor-element-0bedc66 elementor-widget elementor-widget-image\" data-id=\"0bedc66\" data-element_type=\"widget\" data-widget_type=\"image.default\">\n\t\t\t\t<div class=\"elementor-widget-container\">\n\t\t\t\t\t\t\t\t\t\t\t\t\t\t\t<img loading=\"lazy\" decoding=\"async\" width=\"907\" height=\"515\" src=\"https:\/\/guitarraspisa.com\/wp-content\/uploads\/2024\/12\/Antonio.jpg\" class=\"attachment-full size-full wp-image-1704\" alt=\"\" srcset=\"https:\/\/guitarraspisa.com\/wp-content\/uploads\/2024\/12\/Antonio.jpg 907w, https:\/\/guitarraspisa.com\/wp-content\/uploads\/2024\/12\/Antonio-300x170.jpg 300w, https:\/\/guitarraspisa.com\/wp-content\/uploads\/2024\/12\/Antonio-768x436.jpg 768w, https:\/\/guitarraspisa.com\/wp-content\/uploads\/2024\/12\/Antonio-18x10.jpg 18w\" sizes=\"(max-width: 907px) 100vw, 907px\" title=\"\">\t\t\t\t\t\t\t\t\t\t\t\t\t\t\t<\/div>\n\t\t\t\t<\/div>\n\t\t\t\t<\/div>\n\t\t<div class=\"elementor-element elementor-element-35e8de7 e-con-full e-flex e-con e-child\" data-id=\"35e8de7\" data-element_type=\"container\">\n\t\t\t\t<div class=\"elementor-element elementor-element-1daae24 elementor-widget elementor-widget-text-editor\" data-id=\"1daae24\" data-element_type=\"widget\" data-widget_type=\"text-editor.default\">\n\t\t\t\t<div class=\"elementor-widget-container\">\n\t\t\t\t\t\t\t\t\t<p>\u30a2\u30f3\u30c8\u30cb\u30aa \u30d4\u30b5\u306e\u30b9\u30bf\u30fc\u88fd\u54c1\u306f\u3001\u30d5\u30e9\u30e1\u30f3\u30b3\u306e\u30eb\u30fc\u30c4\u3092\u601d\u308f\u305b\u308b\u660e\u308b\u304f\u843d\u3061\u7740\u3044\u305f\u30b5\u30a6\u30f3\u30c9\u3092\u6301\u3064\u4f1d\u7d71\u7684\u306a\u30d5\u30e9\u30e1\u30f3\u30b3 \u30ae\u30bf\u30fc\u3067\u3059\u3002\u305f\u3060\u3057\u3001\u5404\u30ae\u30bf\u30fc\u306f\u5404\u30df\u30e5\u30fc\u30b8\u30b7\u30e3\u30f3\u306e\u30cb\u30fc\u30ba\u3084\u30b9\u30bf\u30a4\u30eb\u306b\u5408\u308f\u305b\u3066\u30ab\u30b9\u30bf\u30de\u30a4\u30ba\u3067\u304d\u307e\u3059\u3002<\/p><p>\u30a2\u30f3\u30c8\u30cb\u30aa \u30d4\u30b5\u306f\u3001\u30ae\u30bf\u30fc\u304c\u305d\u306e\u88fd\u4f5c\u30d7\u30ed\u30bb\u30b9\u3092\u7d42\u3048\u308b\u3068\u304d\u3001\u6728\u6750\u3084\u5f26\u4ee5\u4e0a\u306e\u3082\u306e\u3092\u4e0e\u3048\u308b\u3001\u3064\u307e\u308a\u81ea\u5206\u306e\u9b42\u306e\u4e00\u90e8\u3092\u4e0e\u3048\u308b\u3068\u611f\u3058\u3066\u3044\u307e\u3059\u3002\u00a0<\/p>\t\t\t\t\t\t\t\t<\/div>\n\t\t\t\t<\/div>\n\t\t\t\t<div class=\"elementor-element elementor-element-01b3cc5 elementor-widget elementor-widget-icon-box\" data-id=\"01b3cc5\" data-element_type=\"widget\" data-widget_type=\"icon-box.default\">\n\t\t\t\t<div class=\"elementor-widget-container\">\n\t\t\t\t\t\t\t<div class=\"elementor-icon-box-wrapper\">\n\n\t\t\t\n\t\t\t\t\t\t<div class=\"elementor-icon-box-content\">\n\n\t\t\t\t\t\t\t\t\t<div class=\"elementor-icon-box-title\">\n\t\t\t\t\t\t<span  >\n\t\t\t\t\t\t\t\u306a\u305c\u306a\u3089\u3001\u5f7c\u306e\u30ae\u30bf\u30fc\u306f\u5358\u306a\u308b\u697d\u5668\u3067\u306f\u306a\u304f\u3001\u3059\u3079\u3066\u306e\u97f3\u306b\u5171\u9cf4\u3059\u308b\u7269\u8a9e\u3060\u304b\u3089\u3067\u3059\u3002\t\t\t\t\t\t<\/span>\n\t\t\t\t\t<\/div>\n\t\t\t\t\n\t\t\t\t\n\t\t\t<\/div>\n\t\t\t\n\t\t<\/div>\n\t\t\t\t\t\t<\/div>\n\t\t\t\t<\/div>\n\t\t\t\t<\/div>\n\t\t\t\t\t<\/div>\n\t\t\t\t<\/div>\n\t\t\t\t<\/div>\n\t\t\t\t\t<\/div>\n\t\t\t\t<\/div>\n\t\t\t\t<\/div>","protected":false},"excerpt":{"rendered":"<p>Guitarras con alma,creadas para m\u00fasicos exigentes Artesan\u00eda y pasi\u00f3n en cada guitarra Maderas selectas y procesos minuciosos para un sonido [&hellip;]<\/p>","protected":false},"author":1,"featured_media":0,"parent":0,"menu_order":0,"comment_status":"closed","ping_status":"closed","template":"","meta":{"site-sidebar-layout":"no-sidebar","site-content-layout":"page-builder","ast-site-content-layout":"default","site-content-style":"default","site-sidebar-style":"default","ast-global-header-display":"","ast-banner-title-visibility":"","ast-main-header-display":"","ast-hfb-above-header-display":"","ast-hfb-below-header-display":"","ast-hfb-mobile-header-display":"","site-post-title":"disabled","ast-breadcrumbs-content":"disabled","ast-featured-img":"disabled","footer-sml-layout":"","theme-transparent-header-meta":"enabled","adv-header-id-meta":"","stick-header-meta":"","header-above-stick-meta":"","header-main-stick-meta":"","header-below-stick-meta":"","astra-migrate-meta-layouts":"default","ast-page-background-enabled":"default","ast-page-background-meta":{"desktop":{"background-color":"","background-image":"","background-repeat":"repeat","background-position":"center center","background-size":"auto","background-attachment":"scroll","background-type":"","background-media":"","overlay-type":"","overlay-color":"","overlay-opacity":"","overlay-gradient":""},"tablet":{"background-color":"","background-image":"","background-repeat":"repeat","background-position":"center center","background-size":"auto","background-attachment":"scroll","background-type":"","background-media":"","overlay-type":"","overlay-color":"","overlay-opacity":"","overlay-gradient":""},"mobile":{"background-color":"","background-image":"","background-repeat":"repeat","background-position":"center center","background-size":"auto","background-attachment":"scroll","background-type":"","background-media":"","overlay-type":"","overlay-color":"","overlay-opacity":"","overlay-gradient":""}},"ast-content-background-meta":{"desktop":{"background-color":"var(--ast-global-color-5)","background-image":"","background-repeat":"repeat","background-position":"center center","background-size":"auto","background-attachment":"scroll","background-type":"","background-media":"","overlay-type":"","overlay-color":"","overlay-opacity":"","overlay-gradient":""},"tablet":{"background-color":"var(--ast-global-color-5)","background-image":"","background-repeat":"repeat","background-position":"center center","background-size":"auto","background-attachment":"scroll","background-type":"","background-media":"","overlay-type":"","overlay-color":"","overlay-opacity":"","overlay-gradient":""},"mobile":{"background-color":"var(--ast-global-color-5)","background-image":"","background-repeat":"repeat","background-position":"center center","background-size":"auto","background-attachment":"scroll","background-type":"","background-media":"","overlay-type":"","overlay-color":"","overlay-opacity":"","overlay-gradient":""}},"footnotes":""},"class_list":["post-476","page","type-page","status-publish","hentry"],"_links":{"self":[{"href":"https:\/\/guitarraspisa.com\/ja\/wp-json\/wp\/v2\/pages\/476","targetHints":{"allow":["GET"]}}],"collection":[{"href":"https:\/\/guitarraspisa.com\/ja\/wp-json\/wp\/v2\/pages"}],"about":[{"href":"https:\/\/guitarraspisa.com\/ja\/wp-json\/wp\/v2\/types\/page"}],"author":[{"embeddable":true,"href":"https:\/\/guitarraspisa.com\/ja\/wp-json\/wp\/v2\/users\/1"}],"replies":[{"embeddable":true,"href":"https:\/\/guitarraspisa.com\/ja\/wp-json\/wp\/v2\/comments?post=476"}],"version-history":[{"count":25,"href":"https:\/\/guitarraspisa.com\/ja\/wp-json\/wp\/v2\/pages\/476\/revisions"}],"predecessor-version":[{"id":1791,"href":"https:\/\/guitarraspisa.com\/ja\/wp-json\/wp\/v2\/pages\/476\/revisions\/1791"}],"wp:attachment":[{"href":"https:\/\/guitarraspisa.com\/ja\/wp-json\/wp\/v2\/media?parent=476"}],"curies":[{"name":"wp","href":"https:\/\/api.w.org\/{rel}","templated":true}]}}